{"id":49,"date":"2022-08-26T12:15:15","date_gmt":"2022-08-26T10:15:15","guid":{"rendered":"https:\/\/www.tunecare.eu\/?page_id=49"},"modified":"2022-08-26T16:14:27","modified_gmt":"2022-08-26T14:14:27","slug":"homepage-2022-english","status":"publish","type":"page","link":"https:\/\/www.tunecare.eu\/","title":{"rendered":"Home EN"},"content":{"rendered":"\n<div class=\"wp-block-cover alignfull is-light\" style=\"min-height:835px;aspect-ratio:unset;\"><span aria-hidden=\"true\" class=\"wp-block-cover__background has-background-dim-40 has-background-dim\" style=\"background-color:#000000\"><\/span><img loading=\"lazy\" decoding=\"async\" width=\"1707\" height=\"2560\" class=\"wp-block-cover__image-background wp-image-53\" alt=\"\" src=\"https:\/\/www.tunecare.eu\/wp-content\/uploads\/2022\/08\/pexels-marcus-aurelius-4063918-scaled.jpg\" style=\"object-position:52% 77%\" data-object-fit=\"cover\" data-object-position=\"52% 77%\" srcset=\"https:\/\/www.tunecare.eu\/wp-content\/uploads\/2022\/08\/pexels-marcus-aurelius-4063918-scaled.jpg 1707w, https:\/\/www.tunecare.eu\/wp-content\/uploads\/2022\/08\/pexels-marcus-aurelius-4063918-200x300.jpg 200w, https:\/\/www.tunecare.eu\/wp-content\/uploads\/2022\/08\/pexels-marcus-aurelius-4063918-683x1024.jpg 683w, https:\/\/www.tunecare.eu\/wp-content\/uploads\/2022\/08\/pexels-marcus-aurelius-4063918-768x1152.jpg 768w, https:\/\/www.tunecare.eu\/wp-content\/uploads\/2022\/08\/pexels-marcus-aurelius-4063918-1024x1536.jpg 1024w, https:\/\/www.tunecare.eu\/wp-content\/uploads\/2022\/08\/pexels-marcus-aurelius-4063918-1365x2048.jpg 1365w\" sizes=\"(max-width: 1707px) 100vw, 1707px\" \/><div class=\"wp-block-cover__inner-container is-layout-flow wp-block-cover-is-layout-flow\">\n<div class=\"wp-block-columns alignwide is-layout-flex wp-container-core-columns-is-layout-1 wp-block-columns-is-layout-flex\">\n<div class=\"wp-block-column is-layout-flow wp-block-column-is-layout-flow\" style=\"flex-basis:60%\">\n<h3 class=\"has-text-color wp-block-heading\" style=\"color:#ffffff;font-size:50px\"><strong><span style=\"text-decoration: underline;\">Accessability<\/span> is the keyword for elderly and people with a disability to <span style=\"text-decoration: underline;\">be part of society<\/span><\/strong><\/h3>\n<\/div>\n<\/div>\n<\/div><\/div>\n\n\n\n<div style=\"height:119px\" aria-hidden=\"true\" class=\"wp-block-spacer\"><\/div>\n\n\n\n<div class=\"wp-block-group\"><div class=\"wp-block-group__inner-container is-layout-flow wp-block-group-is-layout-flow\">\n<div class=\"wp-block-group is-nowrap is-layout-flex wp-container-core-group-is-layout-1 wp-block-group-is-layout-flex\">\n<div class=\"wp-block-columns is-layout-flex wp-container-core-columns-is-layout-2 wp-block-columns-is-layout-flex\">\n<div class=\"wp-block-column is-layout-flow wp-block-column-is-layout-flow\" style=\"flex-basis:33.33%\">\n<div style=\"height:3px\" aria-hidden=\"true\" class=\"wp-block-spacer\"><\/div>\n\n\n\n<div style=\"height:27px\" aria-hidden=\"true\" class=\"wp-block-spacer\"><\/div>\n\n\n\n<figure class=\"wp-block-image size-full\"><a href=\"https:\/\/www.tunecare.eu\/wp-content\/uploads\/2022\/08\/Logo-2022-full-color.png\"><img loading=\"lazy\" decoding=\"async\" width=\"700\" height=\"138\" src=\"https:\/\/www.tunecare.eu\/wp-content\/uploads\/2022\/08\/Logo-2022-full-color.png\" alt=\"\" class=\"wp-image-55\" srcset=\"https:\/\/www.tunecare.eu\/wp-content\/uploads\/2022\/08\/Logo-2022-full-color.png 700w, https:\/\/www.tunecare.eu\/wp-content\/uploads\/2022\/08\/Logo-2022-full-color-300x59.png 300w\" sizes=\"(max-width: 700px) 100vw, 700px\" \/><\/a><\/figure>\n<\/div>\n\n\n\n<div class=\"wp-block-column is-layout-flow wp-block-column-is-layout-flow\" style=\"flex-basis:66.66%\">\n<p class=\"has-medium-font-size\">specialises in care facilities for elderly and people with a disabiliy. <strong>TuneCare<\/strong>, with excellent knowledge of health care, delivers outstanding solutions in the field of <strong>architectural design<\/strong> and <strong>health care business development<\/strong>, realising world class care in T\u00fcrkiye in a sustainable and ecological way.<\/p>\n<\/div>\n<\/div>\n<\/div>\n<\/div><\/div>\n\n\n\n<div style=\"height:68px\" aria-hidden=\"true\" class=\"wp-block-spacer\"><\/div>\n\n\n\n<div class=\"wp-block-columns is-layout-flex wp-container-core-columns-is-layout-3 wp-block-columns-is-layout-flex\">\n<div class=\"wp-block-column is-layout-flow wp-block-column-is-layout-flow\">\n<figure class=\"wp-block-image size-large\"><img loading=\"lazy\" decoding=\"async\" width=\"683\" height=\"1024\" src=\"https:\/\/www.tunecare.eu\/wp-content\/uploads\/2022\/08\/pexels-kampus-production-7551678-1-683x1024.jpg\" alt=\"\" class=\"wp-image-67\" srcset=\"https:\/\/www.tunecare.eu\/wp-content\/uploads\/2022\/08\/pexels-kampus-production-7551678-1-683x1024.jpg 683w, https:\/\/www.tunecare.eu\/wp-content\/uploads\/2022\/08\/pexels-kampus-production-7551678-1-200x300.jpg 200w, https:\/\/www.tunecare.eu\/wp-content\/uploads\/2022\/08\/pexels-kampus-production-7551678-1-768x1152.jpg 768w, https:\/\/www.tunecare.eu\/wp-content\/uploads\/2022\/08\/pexels-kampus-production-7551678-1-1024x1536.jpg 1024w, https:\/\/www.tunecare.eu\/wp-content\/uploads\/2022\/08\/pexels-kampus-production-7551678-1-1366x2048.jpg 1366w, https:\/\/www.tunecare.eu\/wp-content\/uploads\/2022\/08\/pexels-kampus-production-7551678-1-scaled.jpg 1707w\" sizes=\"(max-width: 683px) 100vw, 683px\" \/><\/figure>\n\n\n\n<p class=\"has-text-color\" style=\"color:#c11818;font-size:18px\"><strong>About<\/strong><\/p>\n\n\n\n<p style=\"font-size:16px\"><strong>TuneCare<\/strong> is a daughter foundation of <a href=\"https:\/\/www.kokon.nl\/nl\" target=\"_blank\" rel=\"noreferrer noopener\">Kokon Architecture &amp; Urban Design<\/a>. Kokon, with 80 years of experience, is one of the leading architectural offices, with many realised projects in health care, housing, shopping malls and offices. Kokon\u2019s clients are housing corporations, developers, municipalities and health care organisations. In all projects, Kokon emphasises the human scale and the quality of life for the individual, especially when there are physical or intellectual restrictions.<\/p>\n<\/div>\n\n\n\n<div class=\"wp-block-column is-layout-flow wp-block-column-is-layout-flow\">\n<div style=\"height:42px\" aria-hidden=\"true\" class=\"wp-block-spacer\"><\/div>\n\n\n\n<p class=\"has-text-color\" style=\"color:#c11818;font-size:18px\"><strong>Mission<\/strong><\/p>\n\n\n\n<p style=\"font-size:16px\"><strong>TuneCare<\/strong>\u2019s goal is to enhance the delivery of quantity care by developing facilities that solve our clients\u2019 challenges, allowing them to operate more efficiently and effectively: giving their residents a real home. Our health care-projects contain all the qualities of normal dwellings; in the middle of neighbourhoods surrounded by friends and family.<\/p>\n\n\n\n<div style=\"height:10px\" aria-hidden=\"true\" class=\"wp-block-spacer\"><\/div>\n\n\n\n<figure class=\"wp-block-image size-large is-resized\"><img loading=\"lazy\" decoding=\"async\" src=\"https:\/\/www.tunecare.eu\/wp-content\/uploads\/2022\/08\/pexels-ivan-samkov-8127440-683x1024.jpg\" alt=\"\" class=\"wp-image-63\" width=\"569\" height=\"853\" srcset=\"https:\/\/www.tunecare.eu\/wp-content\/uploads\/2022\/08\/pexels-ivan-samkov-8127440-683x1024.jpg 683w, https:\/\/www.tunecare.eu\/wp-content\/uploads\/2022\/08\/pexels-ivan-samkov-8127440-200x300.jpg 200w, https:\/\/www.tunecare.eu\/wp-content\/uploads\/2022\/08\/pexels-ivan-samkov-8127440-768x1151.jpg 768w, https:\/\/www.tunecare.eu\/wp-content\/uploads\/2022\/08\/pexels-ivan-samkov-8127440-1024x1536.jpg 1024w, https:\/\/www.tunecare.eu\/wp-content\/uploads\/2022\/08\/pexels-ivan-samkov-8127440-1366x2048.jpg 1366w, https:\/\/www.tunecare.eu\/wp-content\/uploads\/2022\/08\/pexels-ivan-samkov-8127440-scaled.jpg 1707w\" sizes=\"(max-width: 569px) 100vw, 569px\" \/><\/figure>\n<\/div>\n<\/div>\n\n\n\n<div style=\"height:4px\" aria-hidden=\"true\" class=\"wp-block-spacer\"><\/div>\n\n\n\n<div style=\"height:64px\" aria-hidden=\"true\" class=\"wp-block-spacer\"><\/div>\n\n\n\n<h4 class=\"has-text-align-center has-text-color has-large-font-size wp-block-heading\" style=\"color:#c11818;font-style:normal;font-weight:600\">Associated projects<\/h4>\n\n\n\n<figure class=\"wp-block-gallery has-nested-images columns-default is-cropped wp-block-gallery-1 is-layout-flex wp-block-gallery-is-layout-flex\">\n<figure class=\"wp-block-image size-large\"><a href=\"https:\/\/www.kokon.nl\/en\/projects\/adiyaman\" target=\"_blank\" rel=\"noreferrer noopener\"><img loading=\"lazy\" decoding=\"async\" width=\"1024\" height=\"576\" data-id=\"78\" src=\"https:\/\/www.tunecare.eu\/wp-content\/uploads\/2022\/08\/Adiyaman-1-1024x576.jpg\" alt=\"\" class=\"wp-image-78\" srcset=\"https:\/\/www.tunecare.eu\/wp-content\/uploads\/2022\/08\/Adiyaman-1-1024x576.jpg 1024w, https:\/\/www.tunecare.eu\/wp-content\/uploads\/2022\/08\/Adiyaman-1-300x169.jpg 300w, https:\/\/www.tunecare.eu\/wp-content\/uploads\/2022\/08\/Adiyaman-1-768x432.jpg 768w, https:\/\/www.tunecare.eu\/wp-content\/uploads\/2022\/08\/Adiyaman-1-1536x864.jpg 1536w, https:\/\/www.tunecare.eu\/wp-content\/uploads\/2022\/08\/Adiyaman-1.jpg 1920w\" sizes=\"(max-width: 1024px) 100vw, 1024px\" \/><\/a><figcaption>Care facility for war veterans and people with a physical disability in Adiyaman, T\u00fcrkiye.<\/figcaption><\/figure>\n\n\n\n<figure class=\"wp-block-image size-large\"><a href=\"https:\/\/www.kokon.nl\/en\/projects\/urban-plan-kurfall\" target=\"_blank\" rel=\"noreferrer noopener\"><img loading=\"lazy\" decoding=\"async\" width=\"1024\" height=\"724\" data-id=\"80\" src=\"https:\/\/www.tunecare.eu\/wp-content\/uploads\/2022\/08\/Kurfalli-1024x724.jpg\" alt=\"\" class=\"wp-image-80\" srcset=\"https:\/\/www.tunecare.eu\/wp-content\/uploads\/2022\/08\/Kurfalli-1024x724.jpg 1024w, https:\/\/www.tunecare.eu\/wp-content\/uploads\/2022\/08\/Kurfalli-300x212.jpg 300w, https:\/\/www.tunecare.eu\/wp-content\/uploads\/2022\/08\/Kurfalli-768x543.jpg 768w, https:\/\/www.tunecare.eu\/wp-content\/uploads\/2022\/08\/Kurfalli-1536x1086.jpg 1536w, https:\/\/www.tunecare.eu\/wp-content\/uploads\/2022\/08\/Kurfalli.jpg 1920w\" sizes=\"(max-width: 1024px) 100vw, 1024px\" \/><\/a><figcaption>Urban plan for the care and housing of elderly with care requirements, in Kurfall\u0131, Istanbul.<\/figcaption><\/figure>\n\n\n\n<figure class=\"wp-block-image size-large\"><a href=\"https:\/\/www.kokon.nl\/en\/projects\/swetterhage-activity-center\" target=\"_blank\" rel=\"noreferrer noopener\"><img loading=\"lazy\" decoding=\"async\" width=\"1024\" height=\"576\" data-id=\"79\" src=\"https:\/\/www.tunecare.eu\/wp-content\/uploads\/2022\/08\/Swetterhage-act-1-1024x576.jpg\" alt=\"\" class=\"wp-image-79\" srcset=\"https:\/\/www.tunecare.eu\/wp-content\/uploads\/2022\/08\/Swetterhage-act-1-1024x576.jpg 1024w, https:\/\/www.tunecare.eu\/wp-content\/uploads\/2022\/08\/Swetterhage-act-1-300x169.jpg 300w, https:\/\/www.tunecare.eu\/wp-content\/uploads\/2022\/08\/Swetterhage-act-1-768x432.jpg 768w, https:\/\/www.tunecare.eu\/wp-content\/uploads\/2022\/08\/Swetterhage-act-1-1536x864.jpg 1536w, https:\/\/www.tunecare.eu\/wp-content\/uploads\/2022\/08\/Swetterhage-act-1-2048x1152.jpg 2048w\" sizes=\"(max-width: 1024px) 100vw, 1024px\" \/><\/a><figcaption>Multifunctional activity- and day care centre for clients of Swetterhage, Netherlands.<\/figcaption><\/figure>\n\n\n\n<figure class=\"wp-block-image size-large\"><a href=\"https:\/\/www.kokon.nl\/en\/projects\/swetterhage-phase-houses\" target=\"_blank\" rel=\"noreferrer noopener\"><img loading=\"lazy\" decoding=\"async\" width=\"1024\" height=\"576\" data-id=\"81\" src=\"https:\/\/www.tunecare.eu\/wp-content\/uploads\/2022\/08\/Swetterhage-woon-1-1024x576.jpg\" alt=\"\" class=\"wp-image-81\" srcset=\"https:\/\/www.tunecare.eu\/wp-content\/uploads\/2022\/08\/Swetterhage-woon-1-1024x576.jpg 1024w, https:\/\/www.tunecare.eu\/wp-content\/uploads\/2022\/08\/Swetterhage-woon-1-300x169.jpg 300w, https:\/\/www.tunecare.eu\/wp-content\/uploads\/2022\/08\/Swetterhage-woon-1-768x432.jpg 768w, https:\/\/www.tunecare.eu\/wp-content\/uploads\/2022\/08\/Swetterhage-woon-1-1536x864.jpg 1536w, https:\/\/www.tunecare.eu\/wp-content\/uploads\/2022\/08\/Swetterhage-woon-1-2048x1152.jpg 2048w\" sizes=\"(max-width: 1024px) 100vw, 1024px\" \/><\/a><figcaption>Housing on Swetterhage, Netherlands, for 72 clients of Gemiva Foundation with an intellectual disability.<\/figcaption><\/figure>\n\n\n\n<figure class=\"wp-block-image size-large\"><a href=\"https:\/\/www.kokon.nl\/en\/projects\/urban-plan-yassren\" target=\"_blank\" rel=\"noreferrer noopener\"><img loading=\"lazy\" decoding=\"async\" width=\"1024\" height=\"747\" data-id=\"77\" src=\"https:\/\/www.tunecare.eu\/wp-content\/uploads\/2022\/08\/Yassioren-1024x747.jpg\" alt=\"\" class=\"wp-image-77\" srcset=\"https:\/\/www.tunecare.eu\/wp-content\/uploads\/2022\/08\/Yassioren-1024x747.jpg 1024w, https:\/\/www.tunecare.eu\/wp-content\/uploads\/2022\/08\/Yassioren-300x219.jpg 300w, https:\/\/www.tunecare.eu\/wp-content\/uploads\/2022\/08\/Yassioren-768x560.jpg 768w, https:\/\/www.tunecare.eu\/wp-content\/uploads\/2022\/08\/Yassioren-1536x1121.jpg 1536w, https:\/\/www.tunecare.eu\/wp-content\/uploads\/2022\/08\/Yassioren.jpg 1920w\" sizes=\"(max-width: 1024px) 100vw, 1024px\" \/><\/a><figcaption>Urban plan with housing and facilities like activity centers, houses of worship, commercial buildings, offices, etc, commissioned by Dar\u00fclaceze (care foundation for elderly, youth and disabled) in Yass\u0131\u00f6ren, Istanbul.<\/figcaption><\/figure>\n<\/figure>\n\n\n\n<div style=\"height:155px\" aria-hidden=\"true\" class=\"wp-block-spacer\"><\/div>\n\n\n\n<div class=\"wp-block-cover alignfull\" style=\"min-height:739px;aspect-ratio:unset;\"><span aria-hidden=\"true\" class=\"wp-block-cover__background has-background-dim-60 has-background-dim\" style=\"background-color:#6d0707\"><\/span><img loading=\"lazy\" decoding=\"async\" width=\"2560\" height=\"1672\" class=\"wp-block-cover__image-background wp-image-56\" alt=\"\" src=\"https:\/\/www.tunecare.eu\/wp-content\/uploads\/2022\/08\/bruno-aguirre-uLMEcr1O-1I-unsplash-scaled.jpg\" style=\"object-position:55% 53%\" data-object-fit=\"cover\" data-object-position=\"55% 53%\" srcset=\"https:\/\/www.tunecare.eu\/wp-content\/uploads\/2022\/08\/bruno-aguirre-uLMEcr1O-1I-unsplash-scaled.jpg 2560w, https:\/\/www.tunecare.eu\/wp-content\/uploads\/2022\/08\/bruno-aguirre-uLMEcr1O-1I-unsplash-300x196.jpg 300w, https:\/\/www.tunecare.eu\/wp-content\/uploads\/2022\/08\/bruno-aguirre-uLMEcr1O-1I-unsplash-1024x669.jpg 1024w, https:\/\/www.tunecare.eu\/wp-content\/uploads\/2022\/08\/bruno-aguirre-uLMEcr1O-1I-unsplash-768x502.jpg 768w, https:\/\/www.tunecare.eu\/wp-content\/uploads\/2022\/08\/bruno-aguirre-uLMEcr1O-1I-unsplash-1536x1003.jpg 1536w, https:\/\/www.tunecare.eu\/wp-content\/uploads\/2022\/08\/bruno-aguirre-uLMEcr1O-1I-unsplash-2048x1338.jpg 2048w\" sizes=\"(max-width: 2560px) 100vw, 2560px\" \/><div class=\"wp-block-cover__inner-container is-layout-flow wp-block-cover-is-layout-flow\">\n<div class=\"wp-block-columns alignwide are-vertically-aligned-center is-layout-flex wp-container-core-columns-is-layout-5 wp-block-columns-is-layout-flex\">\n<div class=\"wp-block-column is-vertically-aligned-center is-layout-flow wp-block-column-is-layout-flow\" style=\"flex-basis:50%\">\n<div class=\"wp-block-columns is-layout-flex wp-container-core-columns-is-layout-4 wp-block-columns-is-layout-flex\">\n<div class=\"wp-block-column is-layout-flow wp-block-column-is-layout-flow\" style=\"flex-basis:60%\">\n<h3 class=\"has-text-color has-large-font-size wp-block-heading\" style=\"color:#ffffff\"><strong>Want to <span style=\"text-decoration: underline;\">know more<\/span>?<\/strong><\/h3>\n<\/div>\n<\/div>\n\n\n\n<p class=\"has-nv-light-bg-color has-text-color\" style=\"font-size:18px\">Because of our long term experience in health care, we\u2019re able to develop and design sustainable solutions. We would like to be your partner for future developments.<\/p>\n\n\n\n<p class=\"has-nv-light-bg-color has-text-color\" style=\"font-size:24px\"><strong>If you are curious to see what we at TuneCare can do for you, we encourage you to contact our founder <a rel=\"noreferrer noopener\" href=\"https:\/\/www.kokon.nl\/en\/about-us\/team\/suleyman-ozbek\" target=\"_blank\">S\u00fcleyman \u00d6zbek<\/a> through Kokon.<\/strong><\/p>\n<\/div>\n\n\n\n<div class=\"wp-block-column is-layout-flow wp-block-column-is-layout-flow\" style=\"flex-basis:50%\">\n<figure class=\"wp-block-table is-style-regular\"><table class=\"has-fixed-layout\"><tbody><tr><td>TuneCare T\u00fcrkiye &#8211; Netherlands Care Development<\/td><td>Daughter Foundation of Kokon Architecture &amp; Urban Design<\/td><\/tr><tr><td>Address<\/td><td>Groot Handelsgebouw 45<br>3013 AK Rotterdam<br>Netherlands<\/td><\/tr><tr><td>Phone<\/td><td>+31 (0)10 411 71 80 <\/td><\/tr><tr><td>E-mail<\/td><td>s.ozbek@kokon.nl<\/td><\/tr><tr><td>Opening times<\/td><td>Monday &#8211; Friday<br>09:00h &#8211; 17:00h local time<\/td><\/tr><\/tbody><\/table><\/figure>\n<\/div>\n<\/div>\n<\/div><\/div>\n","protected":false},"excerpt":{"rendered":"<p>specialises in care facilities for elderly and people with a disabiliy. TuneCare, with excellent knowledge of health care, delivers outstanding solutions in the field of architectural design and health care business development, realising world class care in T\u00fcrkiye in a sustainable and ecological way. About TuneCare is a daughter foundation of Kokon Architecture &amp; Urban&hellip;&nbsp;<a href=\"https:\/\/www.tunecare.eu\/\" class=\"\" rel=\"bookmark\">Read More &raquo;<span class=\"screen-reader-text\">Home EN<\/span><\/a><\/p>\n","protected":false},"author":2,"featured_media":0,"parent":0,"menu_order":0,"comment_status":"closed","ping_status":"closed","template":"","meta":{"neve_meta_sidebar":"default","neve_meta_container":"contained","neve_meta_enable_content_width":"off","neve_meta_content_width":77,"neve_meta_title_alignment":"center","neve_meta_author_avatar":"","neve_post_elements_order":"","neve_meta_disable_header":"off","neve_meta_disable_footer":"off","neve_meta_disable_title":"on","footnotes":""},"_links":{"self":[{"href":"https:\/\/www.tunecare.eu\/index.php?rest_route=\/wp\/v2\/pages\/49"}],"collection":[{"href":"https:\/\/www.tunecare.eu\/index.php?rest_route=\/wp\/v2\/pages"}],"about":[{"href":"https:\/\/www.tunecare.eu\/index.php?rest_route=\/wp\/v2\/types\/page"}],"author":[{"embeddable":true,"href":"https:\/\/www.tunecare.eu\/index.php?rest_route=\/wp\/v2\/users\/2"}],"replies":[{"embeddable":true,"href":"https:\/\/www.tunecare.eu\/index.php?rest_route=%2Fwp%2Fv2%2Fcomments&post=49"}],"version-history":[{"count":55,"href":"https:\/\/www.tunecare.eu\/index.php?rest_route=\/wp\/v2\/pages\/49\/revisions"}],"predecessor-version":[{"id":167,"href":"https:\/\/www.tunecare.eu\/index.php?rest_route=\/wp\/v2\/pages\/49\/revisions\/167"}],"wp:attachment":[{"href":"https:\/\/www.tunecare.eu\/index.php?rest_route=%2Fwp%2Fv2%2Fmedia&parent=49"}],"curies":[{"name":"wp","href":"https:\/\/api.w.org\/{rel}","templated":true}]}}